{"id":2436,"date":"2021-09-22T10:45:30","date_gmt":"2021-09-22T10:45:30","guid":{"rendered":"https:\/\/oeko-tex.at\/inserto-per-bacino-filtrante\/"},"modified":"2021-11-23T11:20:16","modified_gmt":"2021-11-23T11:20:16","slug":"inserto-per-bacino-filtrante","status":"publish","type":"page","link":"https:\/\/oeko-tex.at\/it\/inserto-per-bacino-filtrante\/","title":{"rendered":"Inserto per bacino filtrante"},"content":{"rendered":"<\/div><\/div><\/div><!-- close content main div --><\/div><\/div><div id='av_section_1' class='avia-section main_color avia-section-default avia-no-border-styling avia-bg-style-scroll   av-minimum-height av-minimum-height-custom container_wrap sidebar_right' style = 'background-image: '  ><div class='container' style='height:300px'><div class='template-page content  av-content-small alpha units'><div class='post-entry post-entry-type-page post-entry-2436'><div class='entry-content-wrapper clearfix'>\n<div class='flex_column_table av-equal-height-column-flextable -flextable' style='margin-top:0px; margin-bottom:-30px; '><div class=\"flex_column av_one_half  flex_column_table_cell av-equal-height-column av-align-top first  \" style='padding:-10; border-radius:0px; '><p><div style='height:50px' class='hr hr-invisible  '><span class='hr-inner ' ><span class='hr-inner-style'><\/span><\/span><\/div><br \/>\n<div style='padding-bottom:10px; color:#000000;' class='av-special-heading av-special-heading-h2 custom-color-heading blockquote modern-quote   '><h2 class='av-special-heading-tag '  itemprop=\"headline\"  >Inserto per bacino filtrante<\/h2><div class='special-heading-border'><div class='special-heading-inner-border' style='border-color:#000000'><\/div><\/div><\/div><br \/>\n<div class='avia-image-container  av-styling-    avia-align-center '  itemprop=\"ImageObject\" itemscope=\"itemscope\" itemtype=\"https:\/\/schema.org\/ImageObject\"  ><div class='avia-image-container-inner'><div class='avia-image-overlay-wrap'><img class='avia_image ' src='https:\/\/oeko-tex.at\/wp-content\/uploads\/sites\/2\/2021\/09\/Unbenannt-5_2_Zeichenflaeche-1-1030x72.jpg' alt='' title='' height=\"72\"width=\"1030\"  itemprop=\"thumbnailUrl\"  \/><\/div><\/div><\/div><br \/>\n<section class=\"av_textblock_section \"  itemscope=\"itemscope\" itemtype=\"https:\/\/schema.org\/CreativeWork\" ><div class='avia_textblock  '  style='font-size:20px; '  itemprop=\"text\" ><p><strong>Protezione del sistema di filtraggio contro l&#8217;insabbiamento<\/strong><\/p>\n<\/div><\/section><\/p><\/div><\/div><!--close column table wrapper. Autoclose: 1 --><div class='flex_column_table av-equal-height-column-flextable -flextable' style='margin-top:0px; margin-bottom:-30px; '><div class='av-flex-placeholder'><\/div><div class=\"flex_column av_one_half  flex_column_table_cell av-equal-height-column av-align-top   \" style='padding:0px 0px -40 0px ; border-radius:0px; '><p><div style='height:20px' class='hr hr-invisible  '><span class='hr-inner ' ><span class='hr-inner-style'><\/span><\/span><\/div><br \/>\n<div class='avia-image-container  av-styling-    avia-align-center '  itemprop=\"ImageObject\" itemscope=\"itemscope\" itemtype=\"https:\/\/schema.org\/ImageObject\"  ><div class='avia-image-container-inner'><div class='avia-image-overlay-wrap'><img class='avia_image ' src='https:\/\/oeko-tex.at\/wp-content\/uploads\/sites\/2\/2021\/11\/Filterbeckeneinlage2_Zeichenflache-1.png' alt='Filterbeckeneinlage' title='Filterbeckeneinlage' height=\"370\"width=\"783\"  itemprop=\"thumbnailUrl\"  \/><\/div><\/div><\/div><\/p><\/div><\/div><!--close column table wrapper. Autoclose: 1 --><\/div><\/div><\/div><!-- close content main div --><\/div><\/div><div id='after_section_1' class='main_color av_default_container_wrap container_wrap sidebar_right'   ><div class='container' ><div class='template-page content  av-content-small alpha units'><div class='post-entry post-entry-type-page post-entry-2436'><div class='entry-content-wrapper clearfix'><\/div><\/div><\/div><!-- close content main div --><\/div><\/div><div id='av_section_2' class='avia-section main_color avia-section-default avia-no-shadow avia-bg-style-scroll   container_wrap sidebar_right' style = 'background-image: '  ><div class='container' ><div class='template-page content  av-content-small alpha units'><div class='post-entry post-entry-type-page post-entry-2436'><div class='entry-content-wrapper clearfix'>\n<div class=\"flex_column av_one_half  flex_column_div av-zero-column-padding first  \" style='border-radius:0px; '><section class=\"av_textblock_section \"  itemscope=\"itemscope\" itemtype=\"https:\/\/schema.org\/CreativeWork\" ><div class='avia_textblock  '   itemprop=\"text\" ><p>Le prestazioni e la durata dei sistemi di filtri vegetati possono essere migliorate installando una rete di drenaggio sotterranea.<\/p>\n<p>La Lite-Net di 6-8 mm di spessore viene installata ad una profondit\u00e0 di circa 5 cm, direttamente sopra il materiale filtrante e tirata su per i pendii. Anche se il fondo del filtro \u00e8 limaccioso, l&#8217;acqua pu\u00f2 fluire nella rete di drenaggio attraverso i pendii non sabbiosi, si distribuisce in essa sotto lo strato di limo e viene poi pulita dal materiale filtrante.<\/p>\n<p>La rete di drenaggio consiste in un vello altamente poroso ma robusto con un&#8217;alta capacit\u00e0 di conduzione e di immagazzinamento dell&#8217;acqua. Poich\u00e9 la rete di distribuzione non copre l&#8217;intera superficie, non c&#8217;\u00e8 slittamento sui pendii, le radici possono facilmente crescere attraverso le aperture della rete e ancorarsi alla rete tutto intorno. L&#8217;acqua immagazzinata nella rete di velli aiuta anche le piante nei periodi di siccit\u00e0.<\/p>\n<\/div><\/section><\/div><div class=\"flex_column av_one_half  flex_column_div av-zero-column-padding   \" style='border-radius:0px; '><p><section class=\"av_textblock_section \"  itemscope=\"itemscope\" itemtype=\"https:\/\/schema.org\/CreativeWork\" ><div class='avia_textblock  '   itemprop=\"text\" ><p>La rete idrica pu\u00f2 essere collegata ulteriormente ai trogoli di distribuzione o, in alternativa, pu\u00f2 essere installata successivamente in modo ondulato in bacini gi\u00e0 insabbiati, in modo che l&#8217;acqua sia guidata attraverso lo strato di fango.<\/p>\n<\/div><\/section><br \/>\n<section class=\"av_textblock_section \"  itemscope=\"itemscope\" itemtype=\"https:\/\/schema.org\/CreativeWork\" ><div class='avia_textblock  '   itemprop=\"text\" ><p>Aree di applicazione:<\/p>\n<ul>\n<li>Bacino del filtro<\/li>\n<li>Sistemi di protezione dei corsi d&#8217;acqua<\/li>\n<li>Trogoli di infiltrazione<\/li>\n<li>Bacini di filtraggio del suolo<\/li>\n<li>Bacini di infiltrazione<\/li>\n<li>Filtro di terra di ritenzione<\/li>\n<li>Sistema di purificazione a base vegetale<\/li>\n<li>Reti erbose<\/li>\n<\/ul>\n<\/div><\/section><br \/>\n<div class='avia-button-wrap avia-button-center '><a href='https:\/\/wp2.lite-soil.com\/produkt\/lite-net-pp-dauerhaft\/'  class='avia-button   avia-icon_select-no avia-color-theme-color avia-size-x-large avia-position-center '   ><span class='avia_iconbox_title' >al LITE-NET<\/span><\/a><\/div><\/p><\/div>\n<\/div><\/div><\/div><!-- close content main div --><\/div><\/div><div id='after_section_2' class='main_color av_default_container_wrap container_wrap sidebar_right'   ><div class='container' ><div class='template-page content  av-content-small alpha units'><div class='post-entry post-entry-type-page post-entry-2436'><div class='entry-content-wrapper clearfix'><\/p>\n<\/div><\/div><\/div><!-- close content main div --><\/div><\/div><div id='av_section_3' class='avia-section main_color avia-section-small avia-no-border-styling avia-bg-style-scroll   container_wrap sidebar_right' style = 'background-image: '  ><div class='container' ><div class='template-page content  av-content-small alpha units'><div class='post-entry post-entry-type-page post-entry-2436'><div class='entry-content-wrapper clearfix'>\n<div class='av-horizontal-gallery av-horizontal-gallery-large-gap av-horizontal-gallery--effect av-horizontal-gallery-1  av-control-default '  itemprop=\"ImageObject\" itemscope=\"itemscope\" itemtype=\"https:\/\/schema.org\/ImageObject\"   ><div class='avia-slideshow-arrows avia-slideshow-controls'><a href='#prev' class='prev-slide av-horizontal-gallery-prev' aria-hidden='true' data-av_icon='\ue87c' data-av_iconfont='entypo-fontello'>Anteriore<\/a><a href='#next' class='next-slide av-horizontal-gallery-next' aria-hidden='true' data-av_icon='\ue87d' data-av_iconfont='entypo-fontello'>Posteriore<\/a><\/div><div class='av-horizontal-gallery-inner' style='padding-bottom:20%' data-av-height='20'><div class='av-horizontal-gallery-slider'><div class='av-horizontal-gallery-wrap noHover'><img class='av-horizontal-gallery-img' width='300' height='141' src='https:\/\/oeko-tex.at\/wp-content\/uploads\/sites\/2\/2021\/09\/Filterbecken-von-MaX-300x141.jpg' title='Filterbecken-von-MaX' alt='' \/><a href='https:\/\/oeko-tex.at\/wp-content\/uploads\/sites\/2\/2021\/09\/Filterbecken-von-MaX-1030x485.jpg'  class='av-horizontal-gallery-link' aria-hidden='true' data-av_icon='\ue869' data-av_iconfont='entypo-fontello' title=''><\/a><\/div><div class='av-horizontal-gallery-wrap noHover'><img class='av-horizontal-gallery-img' width='300' height='200' src='https:\/\/oeko-tex.at\/wp-content\/uploads\/sites\/2\/2021\/09\/IMG_8686-2-300x200.jpg' title='Inserto per bacino filtrante' alt='Filterbeckeneinlage LITE-NET oeko-tex' \/><a href='https:\/\/oeko-tex.at\/wp-content\/uploads\/sites\/2\/2021\/09\/IMG_8686-2.jpg'  class='av-horizontal-gallery-link' aria-hidden='true' data-av_icon='\ue869' data-av_iconfont='entypo-fontello' title=''><\/a><\/div><div class='av-horizontal-gallery-wrap noHover'><img class='av-horizontal-gallery-img' width='300' height='200' src='https:\/\/oeko-tex.at\/wp-content\/uploads\/sites\/2\/2021\/09\/IMG_8656-1-1030x686-1-300x200.jpg' title='Inserto per bacino filtrante' alt='Filterbeckeneinlage LITE-NET oeko-tex' \/><a href='https:\/\/oeko-tex.at\/wp-content\/uploads\/sites\/2\/2021\/09\/IMG_8656-1-1030x686-1.jpg'  class='av-horizontal-gallery-link' aria-hidden='true' data-av_icon='\ue869' data-av_iconfont='entypo-fontello' title=''><\/a><\/div><div class='av-horizontal-gallery-wrap noHover'><img class='av-horizontal-gallery-img' width='300' height='200' src='https:\/\/oeko-tex.at\/wp-content\/uploads\/sites\/2\/2021\/09\/IMG_8667-1-1030x686-1-300x200.jpg' title='Inserto per bacino filtrante' alt='Filterbeckeneinlage LITE-NET oeko-tex' \/><a href='https:\/\/oeko-tex.at\/wp-content\/uploads\/sites\/2\/2021\/09\/IMG_8667-1-1030x686-1.jpg'  class='av-horizontal-gallery-link' aria-hidden='true' data-av_icon='\ue869' data-av_iconfont='entypo-fontello' title=''><\/a><\/div><\/div><\/div><\/div>\n<\/div><\/div><\/div><!-- close content main div --><\/div><\/div><div id='after_section_3' class='main_color av_default_container_wrap container_wrap sidebar_right'   ><div class='container' ><div class='template-page content  av-content-small alpha units'><div class='post-entry post-entry-type-page post-entry-2436'><div class='entry-content-wrapper clearfix'>\n","protected":false},"excerpt":{"rendered":"","protected":false},"author":1,"featured_media":0,"parent":0,"menu_order":23,"comment_status":"closed","ping_status":"closed","template":"","meta":[],"yoast_head":"<!-- This site is optimized with the Yoast SEO plugin v15.9 - https:\/\/yoast.com\/wordpress\/plugins\/seo\/ -->\n<title>oeko-tex - filtro inserto bacino - attivo contro l&#039;impermeabilizzazione della superficie<\/title>\n<meta name=\"description\" content=\"Impedisce che la superficie sia sigillata da particelle fini e immagazzina e disperde l&#039;acqua. Fodera del bacino di filtraggio ...\" \/>\n<meta name=\"robots\" content=\"index, follow, max-snippet:-1, max-image-preview:large, max-video-preview:-1\" \/>\n<link rel=\"canonical\" href=\"https:\/\/oeko-tex.at\/it\/inserto-per-bacino-filtrante\/\" \/>\n<meta property=\"og:locale\" content=\"it_IT\" \/>\n<meta property=\"og:type\" content=\"article\" \/>\n<meta property=\"og:title\" content=\"oeko-tex - filtro inserto bacino - attivo contro l&#039;impermeabilizzazione della superficie\" \/>\n<meta property=\"og:description\" content=\"Impedisce che la superficie sia sigillata da particelle fini e immagazzina e disperde l&#039;acqua. Fodera del bacino di filtraggio ...\" \/>\n<meta property=\"og:url\" content=\"https:\/\/oeko-tex.at\/it\/inserto-per-bacino-filtrante\/\" \/>\n<meta property=\"og:site_name\" content=\"oeko-tex\" \/>\n<meta property=\"article:modified_time\" content=\"2021-11-23T11:20:16+00:00\" \/>\n<meta name=\"twitter:card\" content=\"summary_large_image\" \/>\n<meta name=\"twitter:label1\" content=\"Tempo di lettura stimato\">\n\t<meta name=\"twitter:data1\" content=\"7 minuti\">\n<script type=\"application\/ld+json\" class=\"yoast-schema-graph\">{\"@context\":\"https:\/\/schema.org\",\"@graph\":[{\"@type\":\"WebSite\",\"@id\":\"https:\/\/oeko-tex.at\/#website\",\"url\":\"https:\/\/oeko-tex.at\/\",\"name\":\"oeko-tex\",\"description\":\"Just another Lite-Soil GmbH Sites site\",\"potentialAction\":[{\"@type\":\"SearchAction\",\"target\":\"https:\/\/oeko-tex.at\/?s={search_term_string}\",\"query-input\":\"required name=search_term_string\"}],\"inLanguage\":\"it-IT\"},{\"@type\":\"WebPage\",\"@id\":\"https:\/\/oeko-tex.at\/it\/inserto-per-bacino-filtrante\/#webpage\",\"url\":\"https:\/\/oeko-tex.at\/it\/inserto-per-bacino-filtrante\/\",\"name\":\"oeko-tex - filtro inserto bacino - attivo contro l'impermeabilizzazione della superficie\",\"isPartOf\":{\"@id\":\"https:\/\/oeko-tex.at\/#website\"},\"datePublished\":\"2021-09-22T10:45:30+00:00\",\"dateModified\":\"2021-11-23T11:20:16+00:00\",\"description\":\"Impedisce che la superficie sia sigillata da particelle fini e immagazzina e disperde l'acqua. Fodera del bacino di filtraggio ...\",\"breadcrumb\":{\"@id\":\"https:\/\/oeko-tex.at\/it\/inserto-per-bacino-filtrante\/#breadcrumb\"},\"inLanguage\":\"it-IT\",\"potentialAction\":[{\"@type\":\"ReadAction\",\"target\":[\"https:\/\/oeko-tex.at\/it\/inserto-per-bacino-filtrante\/\"]}]},{\"@type\":\"BreadcrumbList\",\"@id\":\"https:\/\/oeko-tex.at\/it\/inserto-per-bacino-filtrante\/#breadcrumb\",\"itemListElement\":[{\"@type\":\"ListItem\",\"position\":1,\"item\":{\"@type\":\"WebPage\",\"@id\":\"https:\/\/oeko-tex.at\/it\/\",\"url\":\"https:\/\/oeko-tex.at\/it\/\",\"name\":\"Startseite\"}},{\"@type\":\"ListItem\",\"position\":2,\"item\":{\"@type\":\"WebPage\",\"@id\":\"https:\/\/oeko-tex.at\/it\/inserto-per-bacino-filtrante\/\",\"url\":\"https:\/\/oeko-tex.at\/it\/inserto-per-bacino-filtrante\/\",\"name\":\"Inserto per bacino filtrante\"}}]}]}<\/script>\n<!-- \/ Yoast SEO plugin. -->","_links":{"self":[{"href":"https:\/\/oeko-tex.at\/it\/wp-json\/wp\/v2\/pages\/2436"}],"collection":[{"href":"https:\/\/oeko-tex.at\/it\/wp-json\/wp\/v2\/pages"}],"about":[{"href":"https:\/\/oeko-tex.at\/it\/wp-json\/wp\/v2\/types\/page"}],"author":[{"embeddable":true,"href":"https:\/\/oeko-tex.at\/it\/wp-json\/wp\/v2\/users\/1"}],"replies":[{"embeddable":true,"href":"https:\/\/oeko-tex.at\/it\/wp-json\/wp\/v2\/comments?post=2436"}],"version-history":[{"count":12,"href":"https:\/\/oeko-tex.at\/it\/wp-json\/wp\/v2\/pages\/2436\/revisions"}],"predecessor-version":[{"id":3071,"href":"https:\/\/oeko-tex.at\/it\/wp-json\/wp\/v2\/pages\/2436\/revisions\/3071"}],"wp:attachment":[{"href":"https:\/\/oeko-tex.at\/it\/wp-json\/wp\/v2\/media?parent=2436"}],"curies":[{"name":"wp","href":"https:\/\/api.w.org\/{rel}","templated":true}]}}