{"id":2427,"date":"2021-09-22T10:43:31","date_gmt":"2021-09-22T10:43:31","guid":{"rendered":"https:\/\/oeko-tex.at\/tappetino-di-carbone-attivo\/"},"modified":"2021-10-07T11:27:28","modified_gmt":"2021-10-07T11:27:28","slug":"tappetino-di-carbone-attivo","status":"publish","type":"page","link":"https:\/\/oeko-tex.at\/it\/tappetino-di-carbone-attivo\/","title":{"rendered":"Tappetino di carbone attivo"},"content":{"rendered":"<\/div><\/div><\/div><!-- close content main div --><\/div><\/div><div id='av_section_1' class='avia-section main_color avia-section-default avia-no-border-styling avia-bg-style-scroll   av-minimum-height av-minimum-height-custom container_wrap sidebar_right' style = 'background-image: '  ><div class='container' style='height:300px'><div class='template-page content  av-content-small alpha units'><div class='post-entry post-entry-type-page post-entry-2427'><div class='entry-content-wrapper clearfix'>\n<div class='flex_column_table av-equal-height-column-flextable -flextable' ><div class=\"flex_column av_one_half  flex_column_table_cell av-equal-height-column av-align-top first  \" style='padding:-10; border-radius:0px; '><p><div style='height:50px' class='hr hr-invisible  '><span class='hr-inner ' ><span class='hr-inner-style'><\/span><\/span><\/div><br \/>\n<div style='padding-bottom:10px; color:#000000;' class='av-special-heading av-special-heading-h2 custom-color-heading blockquote modern-quote   '><h2 class='av-special-heading-tag '  itemprop=\"headline\"  >Tappetino di carbone attivo<\/h2><div class='special-heading-border'><div class='special-heading-inner-border' style='border-color:#000000'><\/div><\/div><\/div><br \/>\n<div class='avia-image-container  av-styling-    avia-align-center '  itemprop=\"ImageObject\" itemscope=\"itemscope\" itemtype=\"https:\/\/schema.org\/ImageObject\"  ><div class='avia-image-container-inner'><div class='avia-image-overlay-wrap'><img class='avia_image ' src='https:\/\/oeko-tex.at\/wp-content\/uploads\/sites\/2\/2021\/09\/Unbenannt-5_2_Zeichenflaeche-1-1030x72.jpg' alt='' title='' height=\"72\"width=\"1030\"  itemprop=\"thumbnailUrl\"  \/><\/div><\/div><\/div><br \/>\n<section class=\"av_textblock_section \"  itemscope=\"itemscope\" itemtype=\"https:\/\/schema.org\/CreativeWork\" ><div class='avia_textblock  '  style='font-size:20px; '  itemprop=\"text\" ><p><strong>Il tappeto filtrante per una vasta gamma di applicazioni<\/strong><\/p>\n<\/div><\/section><\/p><\/div><\/div><!--close column table wrapper. Autoclose: 1 --><div class='flex_column_table av-equal-height-column-flextable -flextable' ><div class='av-flex-placeholder'><\/div><div class=\"flex_column av_one_half  flex_column_table_cell av-equal-height-column av-align-top   \" style='padding:0px 0px -40 0px ; border-radius:0px; '><p><div style='height:20px' class='hr hr-invisible  '><span class='hr-inner ' ><span class='hr-inner-style'><\/span><\/span><\/div><br \/>\n<div class='avia-image-container  av-styling-    avia-align-center '  itemprop=\"ImageObject\" itemscope=\"itemscope\" itemtype=\"https:\/\/schema.org\/ImageObject\"  ><div class='avia-image-container-inner'><div class='avia-image-overlay-wrap'><img class='avia_image ' src='https:\/\/oeko-tex.at\/wp-content\/uploads\/sites\/2\/2021\/09\/neu-03-1.jpg' alt='Aktivkohlematte' title='' height=\"355\"width=\"886\"  itemprop=\"thumbnailUrl\"  \/><\/div><\/div><\/div><\/p><\/div><\/div><!--close column table wrapper. Autoclose: 1 -->\n<\/div><\/div><\/div><!-- close content main div --><\/div><\/div><div id='after_section_1' class='main_color av_default_container_wrap container_wrap sidebar_right'   ><div class='container' ><div class='template-page content  av-content-small alpha units'><div class='post-entry post-entry-type-page post-entry-2427'><div class='entry-content-wrapper clearfix'>\n<\/div><\/div><\/div><!-- close content main div --><\/div><\/div><div id='av_section_2' class='avia-section main_color avia-section-default avia-no-shadow avia-bg-style-scroll   container_wrap sidebar_right' style = 'background-image: '  ><div class='container' ><div class='template-page content  av-content-small alpha units'><div class='post-entry post-entry-type-page post-entry-2427'><div class='entry-content-wrapper clearfix'>\n<div class=\"flex_column av_one_half  flex_column_div av-zero-column-padding first  \" style='border-radius:0px; '><section class=\"av_textblock_section \"  itemscope=\"itemscope\" itemtype=\"https:\/\/schema.org\/CreativeWork\" ><div class='avia_textblock  '   itemprop=\"text\" ><p>Il tappeto filtrante a carbone attivo di grande superficie \u00e8 stato sviluppato appositamente per filtrare i gas e i liquidi contaminati. Le applicazioni principali sono ad esempio la filtrazione dell&#8217;acqua piovana in canali di scolo o le coperture antiodore.<\/p>\n<p>\u00c8 possibile utilizzare un&#8217;ampia variet\u00e0 di tipi di carbone attivo ottimizzati per la rispettiva applicazione. Inoltre, possono essere aggiunti altri materiali filtranti come pacciamatura per l&#8217;aspirazione dell&#8217;olio, scambiatori di ioni o zeoliti, rendendo la gamma di applicazioni molto varia.<\/p>\n<\/div><\/section><\/div><div class=\"flex_column av_one_half  flex_column_div av-zero-column-padding   \" style='border-radius:0px; '><section class=\"av_textblock_section \"  itemscope=\"itemscope\" itemtype=\"https:\/\/schema.org\/CreativeWork\" ><div class='avia_textblock  '   itemprop=\"text\" ><p>I tappeti filtranti brevettati a carbone attivo consistono in 3 strati completamente interconnessi: 2 strati esterni in tessuto con un riempimento di carbone attivo legato meccanicamente nel mezzo. Questo pesa circa 1,0 &#8211; 3,0 kg\/m\u00b2. Poich\u00e9 la quantit\u00e0 di carbone attivo \u00e8 molte volte superiore a quella dei tappeti filtranti convenzionali, e poich\u00e9 la superficie di carbone attivo \u00e8 aperta al 100% (non vengono utilizzati adesivi o resine), il nostro tappeto filtrante a carbone attivo \u00e8 estremamente durevole. Inoltre, gli strati esterni del filtro proteggono permanentemente il carbone attivo dalla contaminazione.<\/p>\n<p>I tappeti filtranti sono molto robusti, ben permeabili all&#8217;aria e all&#8217;acqua, resistenti ai raggi UV per anni, flessibili, pieghevoli e arrotolabili e hanno dato prova di s\u00e9 per molti anni. La larghezza massima \u00e8 di circa 5,0 m, lo spessore totale tra 8-13 mm.<\/p>\n<\/div><\/section><\/div>\n<\/div><\/div><\/div><!-- close content main div --><\/div><\/div><div id='after_section_2' class='main_color av_default_container_wrap container_wrap sidebar_right'   ><div class='container' ><div class='template-page content  av-content-small alpha units'><div class='post-entry post-entry-type-page post-entry-2427'><div class='entry-content-wrapper clearfix'>\n<\/div><\/div><\/div><!-- close content main div --><\/div><\/div><div id='av_section_3' class='avia-section main_color avia-section-small avia-no-border-styling avia-bg-style-scroll   container_wrap sidebar_right' style = 'background-image: '  ><div class='container' ><div class='template-page content  av-content-small alpha units'><div class='post-entry post-entry-type-page post-entry-2427'><div class='entry-content-wrapper clearfix'>\n<div class='av-horizontal-gallery av-horizontal-gallery-large-gap av-horizontal-gallery--effect av-horizontal-gallery-1  av-control-default '  itemprop=\"ImageObject\" itemscope=\"itemscope\" itemtype=\"https:\/\/schema.org\/ImageObject\"   ><div class='avia-slideshow-arrows avia-slideshow-controls'><a href='#prev' class='prev-slide av-horizontal-gallery-prev' aria-hidden='true' data-av_icon='\ue87c' data-av_iconfont='entypo-fontello'>Anteriore<\/a><a href='#next' class='next-slide av-horizontal-gallery-next' aria-hidden='true' data-av_icon='\ue87d' data-av_iconfont='entypo-fontello'>Posteriore<\/a><\/div><div class='av-horizontal-gallery-inner' style='padding-bottom:20%' data-av-height='20'><div class='av-horizontal-gallery-slider'><div class='av-horizontal-gallery-wrap noHover'><img class='av-horizontal-gallery-img' width='240' height='300' src='https:\/\/oeko-tex.at\/wp-content\/uploads\/sites\/2\/2017\/09\/aktivkohlematten1-240x300.jpg' title='aktivkohlematten1' alt='' \/><a href='https:\/\/oeko-tex.at\/wp-content\/uploads\/sites\/2\/2017\/09\/aktivkohlematten1.jpg'  class='av-horizontal-gallery-link' aria-hidden='true' data-av_icon='\ue869' data-av_iconfont='entypo-fontello' title=''><\/a><\/div><div class='av-horizontal-gallery-wrap noHover'><img class='av-horizontal-gallery-img' width='300' height='280' src='https:\/\/oeko-tex.at\/wp-content\/uploads\/sites\/2\/2017\/09\/aktivkohlematten2-300x280.jpg' title='aktivkohlematten2' alt='' \/><a href='https:\/\/oeko-tex.at\/wp-content\/uploads\/sites\/2\/2017\/09\/aktivkohlematten2.jpg'  class='av-horizontal-gallery-link' aria-hidden='true' data-av_icon='\ue869' data-av_iconfont='entypo-fontello' title=''><\/a><\/div><div class='av-horizontal-gallery-wrap noHover'><img class='av-horizontal-gallery-img' width='300' height='244' src='https:\/\/oeko-tex.at\/wp-content\/uploads\/sites\/2\/2021\/10\/Attofix-Behaelter-IT-1-300x244.png' title='Attofix-Beh\u00e4lter-IT-1' alt='' \/><a href='https:\/\/oeko-tex.at\/wp-content\/uploads\/sites\/2\/2021\/10\/Attofix-Behaelter-IT-1.png'  class='av-horizontal-gallery-link' aria-hidden='true' data-av_icon='\ue869' data-av_iconfont='entypo-fontello' title=''><\/a><\/div><div class='av-horizontal-gallery-wrap noHover'><img class='av-horizontal-gallery-img' width='300' height='171' src='https:\/\/oeko-tex.at\/wp-content\/uploads\/sites\/2\/2021\/10\/bsp8_IT-300x171.png' title='Inserto per bacino filtrante' alt='' \/><a href='https:\/\/oeko-tex.at\/wp-content\/uploads\/sites\/2\/2021\/10\/bsp8_IT.png'  class='av-horizontal-gallery-link' aria-hidden='true' data-av_icon='\ue869' data-av_iconfont='entypo-fontello' title=''><\/a><\/div><div class='av-horizontal-gallery-wrap noHover'><img class='av-horizontal-gallery-img' width='300' height='150' src='https:\/\/oeko-tex.at\/wp-content\/uploads\/sites\/2\/2021\/10\/Rohrversicherung_IT-300x150.png' title='Rohrversicherung_IT' alt='' \/><a href='https:\/\/oeko-tex.at\/wp-content\/uploads\/sites\/2\/2021\/10\/Rohrversicherung_IT.png'  class='av-horizontal-gallery-link' aria-hidden='true' data-av_icon='\ue869' data-av_iconfont='entypo-fontello' title=''><\/a><\/div><div class='av-horizontal-gallery-wrap noHover'><img class='av-horizontal-gallery-img' width='300' height='171' src='https:\/\/oeko-tex.at\/wp-content\/uploads\/sites\/2\/2021\/10\/Polizeifilter_3_IT-300x171.png' title='Polizeifilter_3_IT' alt='' \/><a href='https:\/\/oeko-tex.at\/wp-content\/uploads\/sites\/2\/2021\/10\/Polizeifilter_3_IT.png'  class='av-horizontal-gallery-link' aria-hidden='true' data-av_icon='\ue869' data-av_iconfont='entypo-fontello' title=''><\/a><\/div><div class='av-horizontal-gallery-wrap noHover'><img class='av-horizontal-gallery-img' width='300' height='123' src='https:\/\/oeko-tex.at\/wp-content\/uploads\/sites\/2\/2021\/10\/Attofix-Abfall-IT-1-1030x423-1-300x123.png' title='Attofix-Abfall-IT-1-1030x423' alt='' \/><a href='https:\/\/oeko-tex.at\/wp-content\/uploads\/sites\/2\/2021\/10\/Attofix-Abfall-IT-1-1030x423-1.png'  class='av-horizontal-gallery-link' aria-hidden='true' data-av_icon='\ue869' data-av_iconfont='entypo-fontello' title=''><\/a><\/div><\/div><\/div><\/div>\n<\/div><\/div><\/div><!-- close content main div --><\/div><\/div><div id='after_section_3' class='main_color av_default_container_wrap container_wrap sidebar_right'   ><div class='container' ><div class='template-page content  av-content-small alpha units'><div class='post-entry post-entry-type-page post-entry-2427'><div class='entry-content-wrapper clearfix'>\n","protected":false},"excerpt":{"rendered":"","protected":false},"author":1,"featured_media":0,"parent":0,"menu_order":32,"comment_status":"closed","ping_status":"closed","template":"","meta":[],"yoast_head":"<!-- This site is optimized with the Yoast SEO plugin v15.9 - https:\/\/yoast.com\/wordpress\/plugins\/seo\/ -->\n<title>oeko-tex - Tappetino di carbone attivo - Filtraggio di liquidi contaminati<\/title>\n<meta name=\"description\" content=\"Filtrazione di gas e liquidi contaminati. Utilizzato con successo da oltre 25 anni nei pozzetti per la purificazione dell&#039;acqua.\" \/>\n<meta name=\"robots\" content=\"index, follow, max-snippet:-1, max-image-preview:large, max-video-preview:-1\" \/>\n<link rel=\"canonical\" href=\"https:\/\/oeko-tex.at\/it\/tappetino-di-carbone-attivo\/\" \/>\n<meta property=\"og:locale\" content=\"it_IT\" \/>\n<meta property=\"og:type\" content=\"article\" \/>\n<meta property=\"og:title\" content=\"oeko-tex - Tappetino di carbone attivo - Filtraggio di liquidi contaminati\" \/>\n<meta property=\"og:description\" content=\"Filtrazione di gas e liquidi contaminati. Utilizzato con successo da oltre 25 anni nei pozzetti per la purificazione dell&#039;acqua.\" \/>\n<meta property=\"og:url\" content=\"https:\/\/oeko-tex.at\/it\/tappetino-di-carbone-attivo\/\" \/>\n<meta property=\"og:site_name\" content=\"oeko-tex\" \/>\n<meta property=\"article:modified_time\" content=\"2021-10-07T11:27:28+00:00\" \/>\n<meta name=\"twitter:card\" content=\"summary_large_image\" \/>\n<meta name=\"twitter:label1\" content=\"Tempo di lettura stimato\">\n\t<meta name=\"twitter:data1\" content=\"6 minuti\">\n<script type=\"application\/ld+json\" class=\"yoast-schema-graph\">{\"@context\":\"https:\/\/schema.org\",\"@graph\":[{\"@type\":\"WebSite\",\"@id\":\"https:\/\/oeko-tex.at\/#website\",\"url\":\"https:\/\/oeko-tex.at\/\",\"name\":\"oeko-tex\",\"description\":\"Just another Lite-Soil GmbH Sites site\",\"potentialAction\":[{\"@type\":\"SearchAction\",\"target\":\"https:\/\/oeko-tex.at\/?s={search_term_string}\",\"query-input\":\"required name=search_term_string\"}],\"inLanguage\":\"it-IT\"},{\"@type\":\"WebPage\",\"@id\":\"https:\/\/oeko-tex.at\/it\/tappetino-di-carbone-attivo\/#webpage\",\"url\":\"https:\/\/oeko-tex.at\/it\/tappetino-di-carbone-attivo\/\",\"name\":\"oeko-tex - Tappetino di carbone attivo - Filtraggio di liquidi contaminati\",\"isPartOf\":{\"@id\":\"https:\/\/oeko-tex.at\/#website\"},\"datePublished\":\"2021-09-22T10:43:31+00:00\",\"dateModified\":\"2021-10-07T11:27:28+00:00\",\"description\":\"Filtrazione di gas e liquidi contaminati. Utilizzato con successo da oltre 25 anni nei pozzetti per la purificazione dell'acqua.\",\"breadcrumb\":{\"@id\":\"https:\/\/oeko-tex.at\/it\/tappetino-di-carbone-attivo\/#breadcrumb\"},\"inLanguage\":\"it-IT\",\"potentialAction\":[{\"@type\":\"ReadAction\",\"target\":[\"https:\/\/oeko-tex.at\/it\/tappetino-di-carbone-attivo\/\"]}]},{\"@type\":\"BreadcrumbList\",\"@id\":\"https:\/\/oeko-tex.at\/it\/tappetino-di-carbone-attivo\/#breadcrumb\",\"itemListElement\":[{\"@type\":\"ListItem\",\"position\":1,\"item\":{\"@type\":\"WebPage\",\"@id\":\"https:\/\/oeko-tex.at\/it\/\",\"url\":\"https:\/\/oeko-tex.at\/it\/\",\"name\":\"Startseite\"}},{\"@type\":\"ListItem\",\"position\":2,\"item\":{\"@type\":\"WebPage\",\"@id\":\"https:\/\/oeko-tex.at\/it\/tappetino-di-carbone-attivo\/\",\"url\":\"https:\/\/oeko-tex.at\/it\/tappetino-di-carbone-attivo\/\",\"name\":\"Tappetino di carbone attivo\"}}]}]}<\/script>\n<!-- \/ Yoast SEO plugin. -->","_links":{"self":[{"href":"https:\/\/oeko-tex.at\/it\/wp-json\/wp\/v2\/pages\/2427"}],"collection":[{"href":"https:\/\/oeko-tex.at\/it\/wp-json\/wp\/v2\/pages"}],"about":[{"href":"https:\/\/oeko-tex.at\/it\/wp-json\/wp\/v2\/types\/page"}],"author":[{"embeddable":true,"href":"https:\/\/oeko-tex.at\/it\/wp-json\/wp\/v2\/users\/1"}],"replies":[{"embeddable":true,"href":"https:\/\/oeko-tex.at\/it\/wp-json\/wp\/v2\/comments?post=2427"}],"version-history":[{"count":9,"href":"https:\/\/oeko-tex.at\/it\/wp-json\/wp\/v2\/pages\/2427\/revisions"}],"predecessor-version":[{"id":2969,"href":"https:\/\/oeko-tex.at\/it\/wp-json\/wp\/v2\/pages\/2427\/revisions\/2969"}],"wp:attachment":[{"href":"https:\/\/oeko-tex.at\/it\/wp-json\/wp\/v2\/media?parent=2427"}],"curies":[{"name":"wp","href":"https:\/\/api.w.org\/{rel}","templated":true}]}}