{"id":2349,"date":"2021-09-22T09:16:23","date_gmt":"2021-09-22T09:16:23","guid":{"rendered":"https:\/\/oeko-tex.at\/tappetino-pre-filtro\/"},"modified":"2022-04-25T16:13:02","modified_gmt":"2022-04-25T16:13:02","slug":"tappetino-pre-filtro","status":"publish","type":"page","link":"https:\/\/oeko-tex.at\/it\/tappetino-pre-filtro\/","title":{"rendered":"Tappetino pre-filtro"},"content":{"rendered":"<\/div><\/div><\/div><!-- close content main div --><\/div><\/div><div id='av_section_1' class='avia-section main_color avia-section-default avia-no-border-styling avia-bg-style-scroll   av-minimum-height av-minimum-height-custom container_wrap sidebar_right' style = 'background-image: '  ><div class='container' style='height:300px'><div class='template-page content  av-content-small alpha units'><div class='post-entry post-entry-type-page post-entry-2349'><div class='entry-content-wrapper clearfix'>\n<div class='flex_column_table av-equal-height-column-flextable -flextable' style='margin-top:0px; margin-bottom:-30px; '><div class=\"flex_column av_one_half  flex_column_table_cell av-equal-height-column av-align-top first  \" style='padding:-10; border-radius:0px; '><p><div style='height:50px' class='hr hr-invisible  '><span class='hr-inner ' ><span class='hr-inner-style'><\/span><\/span><\/div><br \/>\n<div style='padding-bottom:10px; color:#000000;' class='av-special-heading av-special-heading-h2 custom-color-heading blockquote modern-quote   '><h2 class='av-special-heading-tag '  itemprop=\"headline\"  >Tappetino pre-filtro<\/h2><div class='special-heading-border'><div class='special-heading-inner-border' style='border-color:#000000'><\/div><\/div><\/div><br \/>\n<div class='avia-image-container  av-styling-    avia-align-center '  itemprop=\"ImageObject\" itemscope=\"itemscope\" itemtype=\"https:\/\/schema.org\/ImageObject\"  ><div class='avia-image-container-inner'><div class='avia-image-overlay-wrap'><img class='avia_image ' src='https:\/\/oeko-tex.at\/wp-content\/uploads\/sites\/2\/2021\/09\/Unbenannt-5_2_Zeichenflaeche-1-1030x72.jpg' alt='' title='' height=\"72\"width=\"1030\"  itemprop=\"thumbnailUrl\"  \/><\/div><\/div><\/div><br \/>\n<section class=\"av_textblock_section \"  itemscope=\"itemscope\" itemtype=\"https:\/\/schema.org\/CreativeWork\" ><div class='avia_textblock  '  style='font-size:20px; '  itemprop=\"text\" ><p>Resistente al fango grazie al filtro a gradini 3D<\/p>\n<\/div><\/section><\/p><\/div><\/div><!--close column table wrapper. Autoclose: 1 --><div class='flex_column_table av-equal-height-column-flextable -flextable' style='margin-top:0px; margin-bottom:-30px; '><div class='av-flex-placeholder'><\/div><div class=\"flex_column av_one_half  flex_column_table_cell av-equal-height-column av-align-top   \" style='padding:0px 0px -40 0px ; border-radius:0px; '><div class='avia-image-container  av-styling-    avia-align-center '  itemprop=\"ImageObject\" itemscope=\"itemscope\" itemtype=\"https:\/\/schema.org\/ImageObject\"  ><div class='avia-image-container-inner'><div class='avia-image-overlay-wrap'><img class='avia_image ' src='https:\/\/oeko-tex.at\/wp-content\/uploads\/sites\/2\/2021\/09\/neuneuneu_Zeichenflaeche-1-02.jpg' alt='Vorfiltermatte' title='' height=\"520\"width=\"886\"  itemprop=\"thumbnailUrl\"  \/><\/div><\/div><\/div><\/div><\/div><!--close column table wrapper. Autoclose: 1 --><div class=\"flex_column av_one_half  flex_column_div av-zero-column-padding first  \" style='border-radius:0px; '><section class=\"av_textblock_section \"  itemscope=\"itemscope\" itemtype=\"https:\/\/schema.org\/CreativeWork\" ><div class='avia_textblock  '   itemprop=\"text\" ><p>Il tappetino di prefiltraggio resistente ai fanghi del tipo \u00d6ko-Tex \u00e8 un&#8217;aggiunta economica ai tappetini del filtro a carbone attivo o ai detriti del filtro.<\/p>\n<p>\u00c8 durevole, robusto e facile da sostituire. Grazie alla voluminosa struttura 3D con irrigidimento dei nodi e al filtro a gradini incorporato &#8211; i pori sono grandi sul lato rivolto verso il flusso e poi diventano sempre pi\u00f9 piccoli &#8211; un sacco di fango pu\u00f2 essere assorbito prima che il vello prefiltro diventi pi\u00f9 impermeabile all&#8217;acqua.<\/p>\n<\/div><\/section><\/div><div class=\"flex_column av_one_half  flex_column_div av-zero-column-padding   \" style='border-radius:0px; '><section class=\"av_textblock_section \"  itemscope=\"itemscope\" itemtype=\"https:\/\/schema.org\/CreativeWork\" ><div class='avia_textblock  '   itemprop=\"text\" ><p>La stuoia di pre-filtro in PES ha uno spessore minimo di 13 mm, agugliata progressivamente con filtro a gradini e irrigidimento aggiuntivo del nodo. Peso per unit\u00e0 di superficie circa 350 g\/m\u00b2.<\/p>\n<p>Il tappeto pre-filtro \u00e8 disponibile in dimensioni prefabbricate, ad esempio per canali di scolo o di drenaggio. I rotoli interi sono larghi circa 5 m e lunghi circa 48 m.<\/p>\n<p>Aree di applicazione: pozzi di scarico, trattamento delle acque piovane, filtri tecnici, ritenzione, canale di substrato, canale di drenaggio, bacini di filtraggio, vasche di infiltrazione, bacini di infiltrazione.<\/p>\n<\/div><\/section><\/div>\n<\/div><\/div><\/div><!-- close content main div --><\/div><\/div><div id='after_section_1' class='main_color av_default_container_wrap container_wrap sidebar_right'   ><div class='container' ><div class='template-page content  av-content-small alpha units'><div class='post-entry post-entry-type-page post-entry-2349'><div class='entry-content-wrapper clearfix'>\n<\/div><\/div><\/div><!-- close content main div --><\/div><\/div><div id='av_section_2' class='avia-section main_color avia-section-small avia-no-border-styling avia-bg-style-scroll   container_wrap sidebar_right' style = 'background-image: '  ><div class='container' ><div class='template-page content  av-content-small alpha units'><div class='post-entry post-entry-type-page post-entry-2349'><div class='entry-content-wrapper clearfix'>\n<div class='av-horizontal-gallery av-horizontal-gallery-large-gap av-horizontal-gallery--effect av-horizontal-gallery-1  av-control-default '  itemprop=\"ImageObject\" itemscope=\"itemscope\" itemtype=\"https:\/\/schema.org\/ImageObject\"   ><div class='avia-slideshow-arrows avia-slideshow-controls'><a href='#prev' class='prev-slide av-horizontal-gallery-prev' aria-hidden='true' data-av_icon='\ue87c' data-av_iconfont='entypo-fontello'>Anteriore<\/a><a href='#next' class='next-slide av-horizontal-gallery-next' aria-hidden='true' data-av_icon='\ue87d' data-av_iconfont='entypo-fontello'>Posteriore<\/a><\/div><div class='av-horizontal-gallery-inner' style='padding-bottom:20%' data-av-height='20'><div class='av-horizontal-gallery-slider'><div class='av-horizontal-gallery-wrap noHover'><img class='av-horizontal-gallery-img' width='300' height='200' src='https:\/\/oeko-tex.at\/wp-content\/uploads\/sites\/2\/2017\/09\/IMG_2226-300x200.jpg' title='IMG_2226' alt='' \/><a href='https:\/\/oeko-tex.at\/wp-content\/uploads\/sites\/2\/2017\/09\/IMG_2226.jpg'  class='av-horizontal-gallery-link' aria-hidden='true' data-av_icon='\ue869' data-av_iconfont='entypo-fontello' title=''><\/a><\/div><div class='av-horizontal-gallery-wrap noHover'><img class='av-horizontal-gallery-img' width='300' height='200' src='https:\/\/oeko-tex.at\/wp-content\/uploads\/sites\/2\/2017\/09\/IMG_2220-300x200.jpg' title='IMG_2220' alt='' \/><a href='https:\/\/oeko-tex.at\/wp-content\/uploads\/sites\/2\/2017\/09\/IMG_2220.jpg'  class='av-horizontal-gallery-link' aria-hidden='true' data-av_icon='\ue869' data-av_iconfont='entypo-fontello' title=''><\/a><\/div><div class='av-horizontal-gallery-wrap noHover'><img class='av-horizontal-gallery-img' width='300' height='223' src='https:\/\/oeko-tex.at\/wp-content\/uploads\/sites\/2\/2021\/10\/finger_litestrip2-300x223.png' title='finger_litestrip2' alt='Vorfiltermatte dicke, Zusammensetzung' \/><a href='https:\/\/oeko-tex.at\/wp-content\/uploads\/sites\/2\/2021\/10\/finger_litestrip2.png'  class='av-horizontal-gallery-link' aria-hidden='true' data-av_icon='\ue869' data-av_iconfont='entypo-fontello' title=''><\/a><\/div><\/div><\/div><\/div>\n<\/div><\/div><\/div><!-- close content main div --><\/div><\/div><div id='after_section_2' class='main_color av_default_container_wrap container_wrap sidebar_right'   ><div class='container' ><div class='template-page content  av-content-small alpha units'><div class='post-entry post-entry-type-page post-entry-2349'><div class='entry-content-wrapper clearfix'>\n<section class=\"av_textblock_section \"  itemscope=\"itemscope\" itemtype=\"https:\/\/schema.org\/CreativeWork\" ><div class='avia_textblock  '   itemprop=\"text\" ><h3><strong>Tappetino pre-filtro f\u00fcr Filterbecken<\/strong><\/h3>\n<\/div><\/section>\n<div class='avia-gallery  avia-gallery-1 avia_lazyload avia_animate_when_visible '  itemprop=\"ImageObject\" itemscope=\"itemscope\" itemtype=\"https:\/\/schema.org\/ImageObject\" ><div class='avia-gallery-thumb'> <a href='https:\/\/oeko-tex.at\/wp-content\/uploads\/sites\/2\/2022\/04\/FRONTALANSICHT184332.jpg' data-rel='gallery-1' data-prev-img='https:\/\/oeko-tex.at\/wp-content\/uploads\/sites\/2\/2022\/04\/FRONTALANSICHT184332-495x400.jpg' class='first_thumb lightbox ' data-onclick='1' title='Tappetino pre-filtro per il bacino di filtraggio, Austria 2022'  itemprop=\"thumbnailUrl\" ><img data-avia-tooltip='Tappetino pre-filtro per il bacino di filtraggio, Austria 2022' src='https:\/\/oeko-tex.at\/wp-content\/uploads\/sites\/2\/2022\/04\/FRONTALANSICHT184332-495x400.jpg' width='495' height='400'  title='Tappetino pre-filtro per il bacino di filtraggio' alt='' \/><\/a> <a href='https:\/\/oeko-tex.at\/wp-content\/uploads\/sites\/2\/2022\/04\/e165c017-e5d4-4f16-a2ae-0a56bd303b8b-1030x773.jpg' data-rel='gallery-1' data-prev-img='https:\/\/oeko-tex.at\/wp-content\/uploads\/sites\/2\/2022\/04\/e165c017-e5d4-4f16-a2ae-0a56bd303b8b-495x400.jpg' class='lightbox ' data-onclick='2' title='Tappetino pre-filtro per il bacino di filtraggio, Austria 2022'  itemprop=\"thumbnailUrl\" ><img data-avia-tooltip='Tappetino pre-filtro per il bacino di filtraggio, Austria 2022' src='https:\/\/oeko-tex.at\/wp-content\/uploads\/sites\/2\/2022\/04\/e165c017-e5d4-4f16-a2ae-0a56bd303b8b-495x400.jpg' width='495' height='400'  title='Tappetino pre-filtro per il bacino di filtraggio' alt='' \/><\/a> <a href='https:\/\/oeko-tex.at\/wp-content\/uploads\/sites\/2\/2022\/04\/ebc5d8fa-b7b2-4d21-a9f1-6a58f252c4d3-1030x773.jpg' data-rel='gallery-1' data-prev-img='https:\/\/oeko-tex.at\/wp-content\/uploads\/sites\/2\/2022\/04\/ebc5d8fa-b7b2-4d21-a9f1-6a58f252c4d3-495x400.jpg' class='lightbox ' data-onclick='3' title='Tappetino pre-filtro per il bacino di filtraggio, Austria 2022'  itemprop=\"thumbnailUrl\" ><img data-avia-tooltip='Tappetino pre-filtro per il bacino di filtraggio, Austria 2022' src='https:\/\/oeko-tex.at\/wp-content\/uploads\/sites\/2\/2022\/04\/ebc5d8fa-b7b2-4d21-a9f1-6a58f252c4d3-495x400.jpg' width='495' height='400'  title='Tappetino pre-filtro per il bacino di filtraggio' alt='' \/><\/a> <a href='https:\/\/oeko-tex.at\/wp-content\/uploads\/sites\/2\/2022\/04\/fe29b19f-8bda-455e-8da5-de2e99a11511-1030x773.jpg' data-rel='gallery-1' data-prev-img='https:\/\/oeko-tex.at\/wp-content\/uploads\/sites\/2\/2022\/04\/fe29b19f-8bda-455e-8da5-de2e99a11511-495x400.jpg' class='lightbox ' data-onclick='4' title='Tappetino pre-filtro per il bacino di filtraggio, Austria 2022'  itemprop=\"thumbnailUrl\" ><img data-avia-tooltip='Tappetino pre-filtro per il bacino di filtraggio, Austria 2022' src='https:\/\/oeko-tex.at\/wp-content\/uploads\/sites\/2\/2022\/04\/fe29b19f-8bda-455e-8da5-de2e99a11511-495x400.jpg' width='495' height='400'  title='Tappetino pre-filtro per il bacino di filtraggio' alt='' \/><\/a> <a href='https:\/\/oeko-tex.at\/wp-content\/uploads\/sites\/2\/2022\/04\/ff8df2b7-3eff-4655-a0be-dd1e32958809-1030x773.jpg' data-rel='gallery-1' data-prev-img='https:\/\/oeko-tex.at\/wp-content\/uploads\/sites\/2\/2022\/04\/ff8df2b7-3eff-4655-a0be-dd1e32958809-495x400.jpg' class='lightbox ' data-onclick='5' title='Tappetino pre-filtro per il bacino di filtraggio, Austria 2022'  itemprop=\"thumbnailUrl\" ><img data-avia-tooltip='Tappetino pre-filtro per il bacino di filtraggio, Austria 2022' src='https:\/\/oeko-tex.at\/wp-content\/uploads\/sites\/2\/2022\/04\/ff8df2b7-3eff-4655-a0be-dd1e32958809-495x400.jpg' width='495' height='400'  title='Tappetino pre-filtro per il bacino di filtraggio' alt='' \/><\/a> <a href='https:\/\/oeko-tex.at\/wp-content\/uploads\/sites\/2\/2022\/04\/PANO_20220415_184223-823x1030.jpg' data-rel='gallery-1' data-prev-img='https:\/\/oeko-tex.at\/wp-content\/uploads\/sites\/2\/2022\/04\/PANO_20220415_184223-495x400.jpg' class='lightbox ' data-onclick='6' title='Tappetino pre-filtro per il bacino di filtraggio, Austria 2022'  itemprop=\"thumbnailUrl\" ><img data-avia-tooltip='Tappetino pre-filtro per il bacino di filtraggio, Austria 2022' src='https:\/\/oeko-tex.at\/wp-content\/uploads\/sites\/2\/2022\/04\/PANO_20220415_184223-495x400.jpg' width='495' height='400'  title='Tappetino pre-filtro per il bacino di filtraggio' alt='' \/><\/a><\/div><\/div>\n","protected":false},"excerpt":{"rendered":"","protected":false},"author":1,"featured_media":0,"parent":0,"menu_order":41,"comment_status":"closed","ping_status":"closed","template":"","meta":[],"yoast_head":"<!-- This site is optimized with the Yoast SEO plugin v15.9 - https:\/\/yoast.com\/wordpress\/plugins\/seo\/ -->\n<title>oeko-tex - Tappetino pre-filtro - Supplemento per il sistema di filtraggio<\/title>\n<meta name=\"description\" content=\"Il tappetino di prefiltraggio resistente ai fanghi del tipo \u00d6ko-Tex \u00e8 un complemento economico ai tappeti filtranti a carbone attivo o ai riempimenti dei filtri.\" \/>\n<meta name=\"robots\" content=\"index, follow, max-snippet:-1, max-image-preview:large, max-video-preview:-1\" \/>\n<link rel=\"canonical\" href=\"https:\/\/oeko-tex.at\/it\/tappetino-pre-filtro\/\" \/>\n<meta property=\"og:locale\" content=\"it_IT\" \/>\n<meta property=\"og:type\" content=\"article\" \/>\n<meta property=\"og:title\" content=\"oeko-tex - Tappetino pre-filtro - Supplemento per il sistema di filtraggio\" \/>\n<meta property=\"og:description\" content=\"Il tappetino di prefiltraggio resistente ai fanghi del tipo \u00d6ko-Tex \u00e8 un complemento economico ai tappeti filtranti a carbone attivo o ai riempimenti dei filtri.\" \/>\n<meta property=\"og:url\" content=\"https:\/\/oeko-tex.at\/it\/tappetino-pre-filtro\/\" \/>\n<meta property=\"og:site_name\" content=\"oeko-tex\" \/>\n<meta property=\"article:modified_time\" content=\"2022-04-25T16:13:02+00:00\" \/>\n<meta name=\"twitter:card\" content=\"summary_large_image\" \/>\n<meta name=\"twitter:label1\" content=\"Tempo di lettura stimato\">\n\t<meta name=\"twitter:data1\" content=\"5 minuti\">\n<script type=\"application\/ld+json\" class=\"yoast-schema-graph\">{\"@context\":\"https:\/\/schema.org\",\"@graph\":[{\"@type\":\"WebSite\",\"@id\":\"https:\/\/oeko-tex.at\/#website\",\"url\":\"https:\/\/oeko-tex.at\/\",\"name\":\"oeko-tex\",\"description\":\"Just another Lite-Soil GmbH Sites site\",\"potentialAction\":[{\"@type\":\"SearchAction\",\"target\":\"https:\/\/oeko-tex.at\/?s={search_term_string}\",\"query-input\":\"required name=search_term_string\"}],\"inLanguage\":\"it-IT\"},{\"@type\":\"WebPage\",\"@id\":\"https:\/\/oeko-tex.at\/it\/tappetino-pre-filtro\/#webpage\",\"url\":\"https:\/\/oeko-tex.at\/it\/tappetino-pre-filtro\/\",\"name\":\"oeko-tex - Tappetino pre-filtro - Supplemento per il sistema di filtraggio\",\"isPartOf\":{\"@id\":\"https:\/\/oeko-tex.at\/#website\"},\"datePublished\":\"2021-09-22T09:16:23+00:00\",\"dateModified\":\"2022-04-25T16:13:02+00:00\",\"description\":\"Il tappetino di prefiltraggio resistente ai fanghi del tipo \\u00d6ko-Tex \\u00e8 un complemento economico ai tappeti filtranti a carbone attivo o ai riempimenti dei filtri.\",\"breadcrumb\":{\"@id\":\"https:\/\/oeko-tex.at\/it\/tappetino-pre-filtro\/#breadcrumb\"},\"inLanguage\":\"it-IT\",\"potentialAction\":[{\"@type\":\"ReadAction\",\"target\":[\"https:\/\/oeko-tex.at\/it\/tappetino-pre-filtro\/\"]}]},{\"@type\":\"BreadcrumbList\",\"@id\":\"https:\/\/oeko-tex.at\/it\/tappetino-pre-filtro\/#breadcrumb\",\"itemListElement\":[{\"@type\":\"ListItem\",\"position\":1,\"item\":{\"@type\":\"WebPage\",\"@id\":\"https:\/\/oeko-tex.at\/it\/\",\"url\":\"https:\/\/oeko-tex.at\/it\/\",\"name\":\"Startseite\"}},{\"@type\":\"ListItem\",\"position\":2,\"item\":{\"@type\":\"WebPage\",\"@id\":\"https:\/\/oeko-tex.at\/it\/tappetino-pre-filtro\/\",\"url\":\"https:\/\/oeko-tex.at\/it\/tappetino-pre-filtro\/\",\"name\":\"Tappetino pre-filtro\"}}]}]}<\/script>\n<!-- \/ Yoast SEO plugin. -->","_links":{"self":[{"href":"https:\/\/oeko-tex.at\/it\/wp-json\/wp\/v2\/pages\/2349"}],"collection":[{"href":"https:\/\/oeko-tex.at\/it\/wp-json\/wp\/v2\/pages"}],"about":[{"href":"https:\/\/oeko-tex.at\/it\/wp-json\/wp\/v2\/types\/page"}],"author":[{"embeddable":true,"href":"https:\/\/oeko-tex.at\/it\/wp-json\/wp\/v2\/users\/1"}],"replies":[{"embeddable":true,"href":"https:\/\/oeko-tex.at\/it\/wp-json\/wp\/v2\/comments?post=2349"}],"version-history":[{"count":13,"href":"https:\/\/oeko-tex.at\/it\/wp-json\/wp\/v2\/pages\/2349\/revisions"}],"predecessor-version":[{"id":3237,"href":"https:\/\/oeko-tex.at\/it\/wp-json\/wp\/v2\/pages\/2349\/revisions\/3237"}],"wp:attachment":[{"href":"https:\/\/oeko-tex.at\/it\/wp-json\/wp\/v2\/media?parent=2349"}],"curies":[{"name":"wp","href":"https:\/\/api.w.org\/{rel}","templated":true}]}}