{"id":2337,"date":"2021-09-22T09:11:25","date_gmt":"2021-09-22T09:11:25","guid":{"rendered":"https:\/\/oeko-tex.at\/filtro-a-scomparsa\/"},"modified":"2021-11-23T11:58:38","modified_gmt":"2021-11-23T11:58:38","slug":"filtro-a-scomparsa","status":"publish","type":"page","link":"https:\/\/oeko-tex.at\/it\/filtro-a-scomparsa\/","title":{"rendered":"Filtro a scomparsa"},"content":{"rendered":"<\/div><\/div><\/div><!-- close content main div --><\/div><\/div><div id='av_section_1' class='avia-section main_color avia-section-default avia-no-border-styling avia-bg-style-scroll   av-minimum-height av-minimum-height-custom container_wrap sidebar_right' style = 'background-image: '  ><div class='container' style='height:300px'><div class='template-page content  av-content-small alpha units'><div class='post-entry post-entry-type-page post-entry-2337'><div class='entry-content-wrapper clearfix'>\n<div class='flex_column_table av-equal-height-column-flextable -flextable' ><div class=\"flex_column av_one_half  flex_column_table_cell av-equal-height-column av-align-top first  \" style='padding:-10; border-radius:0px; '><p><div style='height:50px' class='hr hr-invisible  '><span class='hr-inner ' ><span class='hr-inner-style'><\/span><\/span><\/div><br \/>\n<div style='padding-bottom:10px; color:#000000;' class='av-special-heading av-special-heading-h2 custom-color-heading blockquote modern-quote   '><h2 class='av-special-heading-tag '  itemprop=\"headline\"  >Inserti per alberi di infiltrazione<\/h2><div class='special-heading-border'><div class='special-heading-inner-border' style='border-color:#000000'><\/div><\/div><\/div><br \/>\n<div class='avia-image-container  av-styling-    avia-align-center '  itemprop=\"ImageObject\" itemscope=\"itemscope\" itemtype=\"https:\/\/schema.org\/ImageObject\"  ><div class='avia-image-container-inner'><div class='avia-image-overlay-wrap'><img class='avia_image ' src='https:\/\/oeko-tex.at\/wp-content\/uploads\/sites\/2\/2021\/09\/Unbenannt-5_2_Zeichenflaeche-1-1030x72.jpg' alt='' title='' height=\"72\"width=\"1030\"  itemprop=\"thumbnailUrl\"  \/><\/div><\/div><\/div><br \/>\n<section class=\"av_textblock_section \"  itemscope=\"itemscope\" itemtype=\"https:\/\/schema.org\/CreativeWork\" ><div class='avia_textblock  '  style='font-size:20px; '  itemprop=\"text\" ><p><strong>Inserti di tappeti filtranti a carbone attivo<\/strong><\/p>\n<\/div><\/section><\/p><\/div><\/div><!--close column table wrapper. Autoclose: 1 --><div class='flex_column_table av-equal-height-column-flextable -flextable' ><div class='av-flex-placeholder'><\/div><div class=\"flex_column av_one_half  flex_column_table_cell av-equal-height-column av-align-top   \" style='padding:0px 0px -40 0px ; border-radius:0px; '><div class='avia-image-container  av-styling-    avia-align-center '  itemprop=\"ImageObject\" itemscope=\"itemscope\" itemtype=\"https:\/\/schema.org\/ImageObject\"  ><div class='avia-image-container-inner'><div class='avia-image-overlay-wrap'><img class='avia_image ' src='https:\/\/oeko-tex.at\/wp-content\/uploads\/sites\/2\/2021\/09\/neuneuneu_Zeichenflaeche-1.jpg' alt='Sickerschachtfilter' title='neuneuneu_Zeichenfl\u00e4che 1' height=\"520\"width=\"886\"  itemprop=\"thumbnailUrl\"  \/><\/div><\/div><\/div><\/div><\/div><!--close column table wrapper. Autoclose: 1 --><div class=\"flex_column av_one_half  flex_column_div av-zero-column-padding first  \" style='border-radius:0px; '><section class=\"av_textblock_section \"  itemscope=\"itemscope\" itemtype=\"https:\/\/schema.org\/CreativeWork\" ><div class='avia_textblock  '   itemprop=\"text\" ><p>Il modo pi\u00f9 semplice per filtrare l&#8217;acqua piovana inquinata nei pozzetti \u00e8 quello di utilizzare i tappeti filtranti a carbone attivo Aktofix. Questi sono posati in almeno 3 strati sul pavimento del pozzo permeabile all&#8217;acqua e fissati alle pareti del pozzo per mezzo di cinghie metalliche. L&#8217;acqua piovana inquinata viene cos\u00ec filtrata su una vasta area e in modo uniforme dal carbone attivo. Le sostanze inquinanti vengono trattenute nei macropori.<\/p>\n<p>Il robusto tappeto filtrante a carbone attivo Aktofix \u00e8 composto da 2 tessuti filtranti esterni con uno strato intermedio di carbone attivo del peso di circa 2,5 kg\/m\u00b2. Pu\u00f2 essere composto per adattarsi a un&#8217;ampia variet\u00e0 di dimensioni e forme di alberi. Il tappeto filtrante a carbone attivo Aktofix \u00e8 stato utilizzato con successo in molte migliaia di pozzetti di infiltrazione per pi\u00f9 di 25 anni.<\/p>\n<p>I filtri tessili esterni trattengono il fango che si accumula e proteggono il carbone attivo. In caso di un maggiore accumulo di fango, si raccomanda di installare sopra lo strato filtrante un prefiltro economico, facilmente sostituibile e resistente al fango con un filtro a 3 fasi. Inoltre, possono essere utilizzati anche strati di sabbia o ghiaia o trappole per fanghi in anticipo.<\/p>\n<\/div><\/section><\/div><div class=\"flex_column av_one_half  flex_column_div av-zero-column-padding   \" style='border-radius:0px; '><p><div style='height:50px' class='hr hr-invisible  '><span class='hr-inner ' ><span class='hr-inner-style'><\/span><\/span><\/div><br \/>\n<section class=\"av_textblock_section \"  itemscope=\"itemscope\" itemtype=\"https:\/\/schema.org\/CreativeWork\" ><div class='avia_textblock  '   itemprop=\"text\" ><p><strong>Vantaggi del sistema:<\/strong><\/p>\n<\/div><\/section><br \/>\n<div class='avia-icon-list-container  '><ul class='avia-icon-list avia-icon-list-left av-iconlist-small avia_animate_when_almost_visible'>\n<li><div  style='background-color:#ffffff; color:#1eb885; font-size:14px; ' class='iconlist_icon  avia-font-entypo-fontello'><span class='iconlist-char ' aria-hidden='true' data-av_icon='\ue875' data-av_iconfont='entypo-fontello'><\/span><\/div><article class=\"article-icon-entry av-iconlist-empty\"  itemscope=\"itemscope\" itemtype=\"https:\/\/schema.org\/CreativeWork\" ><div class='iconlist_content_wrap'><header class=\"entry-content-header\"><div class='av_iconlist_title iconlist_title_small  '  itemprop=\"headline\"   style='font-size:14px; '>Grande area filtrante con alta permeabilit\u00e0<\/div><\/header><div class='iconlist_content  '  itemprop=\"text\"  ><\/div><\/div><footer class=\"entry-footer\"><\/footer><\/article><div class='iconlist-timeline'><\/div><\/li>\n<li><div  style='background-color:#ffffff; color:#1eb885; font-size:14px; ' class='iconlist_icon  avia-font-entypo-fontello'><span class='iconlist-char ' aria-hidden='true' data-av_icon='\ue875' data-av_iconfont='entypo-fontello'><\/span><\/div><article class=\"article-icon-entry av-iconlist-empty\"  itemscope=\"itemscope\" itemtype=\"https:\/\/schema.org\/CreativeWork\" ><div class='iconlist_content_wrap'><header class=\"entry-content-header\"><div class='av_iconlist_title iconlist_title_small  '  itemprop=\"headline\"   style='font-size:14px; '>Facile installazione e rimozione, anche per i canali di scolo esistenti<\/div><\/header><div class='iconlist_content  '  itemprop=\"text\"  ><\/div><\/div><footer class=\"entry-footer\"><\/footer><\/article><div class='iconlist-timeline'><\/div><\/li>\n<li><div  style='background-color:#ffffff; color:#1eb885; font-size:14px; ' class='iconlist_icon  avia-font-entypo-fontello'><span class='iconlist-char ' aria-hidden='true' data-av_icon='\ue875' data-av_iconfont='entypo-fontello'><\/span><\/div><article class=\"article-icon-entry av-iconlist-empty\"  itemscope=\"itemscope\" itemtype=\"https:\/\/schema.org\/CreativeWork\" ><div class='iconlist_content_wrap'><header class=\"entry-content-header\"><div class='av_iconlist_title iconlist_title_small  '  itemprop=\"headline\"   style='font-size:14px; '>Solette convenienti e di lunga durata<\/div><\/header><div class='iconlist_content  '  itemprop=\"text\"  ><\/div><\/div><footer class=\"entry-footer\"><\/footer><\/article><div class='iconlist-timeline'><\/div><\/li>\n<\/ul><\/div><br \/>\n<section class=\"av_textblock_section \"  itemscope=\"itemscope\" itemtype=\"https:\/\/schema.org\/CreativeWork\" ><div class='avia_textblock  '   itemprop=\"text\" ><p><strong>Dati tecnici:<\/strong><br \/>\nInserto di carbone attivo: circa 2,5 kg\/m\u00b2 di carbone attivo in grani,<br \/>\nPeso totale: circa 2,9 kg\/m\u00b2,<br \/>\nPermeabilit\u00e0 all&#8217;acqua: kf = circa 3 x 10-3 m\/s.<br \/>\nSpessore: circa 1,3 cm, geocomposito completamente incollato.<\/p>\n<\/div><\/section><\/p><\/div>\n<\/div><\/div><\/div><!-- close content main div --><\/div><\/div><div id='after_section_1' class='main_color av_default_container_wrap container_wrap sidebar_right'   ><div class='container' ><div class='template-page content  av-content-small alpha units'><div class='post-entry post-entry-type-page post-entry-2337'><div class='entry-content-wrapper clearfix'>\n<\/div><\/div><\/div><!-- close content main div --><\/div><\/div><div id='av_section_2' class='avia-section main_color avia-section-small avia-no-border-styling avia-bg-style-scroll   container_wrap sidebar_right' style = 'background-image: '  ><div class='container' ><div class='template-page content  av-content-small alpha units'><div class='post-entry post-entry-type-page post-entry-2337'><div class='entry-content-wrapper clearfix'>\n<div class='av-horizontal-gallery av-horizontal-gallery-large-gap av-horizontal-gallery--effect av-horizontal-gallery-1  av-control-default '  itemprop=\"ImageObject\" itemscope=\"itemscope\" itemtype=\"https:\/\/schema.org\/ImageObject\"   ><div class='avia-slideshow-arrows avia-slideshow-controls'><a href='#prev' class='prev-slide av-horizontal-gallery-prev' aria-hidden='true' data-av_icon='\ue87c' data-av_iconfont='entypo-fontello'>Anteriore<\/a><a href='#next' class='next-slide av-horizontal-gallery-next' aria-hidden='true' data-av_icon='\ue87d' data-av_iconfont='entypo-fontello'>Posteriore<\/a><\/div><div class='av-horizontal-gallery-inner' style='padding-bottom:20%' data-av-height='20'><div class='av-horizontal-gallery-slider'><div class='av-horizontal-gallery-wrap noHover'><img class='av-horizontal-gallery-img' width='281' height='300' src='https:\/\/oeko-tex.at\/wp-content\/uploads\/sites\/2\/2021\/10\/Sickerschachtfilter-1_EN-281x300.png' title='Sickerschachtfilter (1)_EN' alt='' \/><a href='https:\/\/oeko-tex.at\/wp-content\/uploads\/sites\/2\/2021\/10\/Sickerschachtfilter-1_EN.png'  class='av-horizontal-gallery-link' aria-hidden='true' data-av_icon='\ue869' data-av_iconfont='entypo-fontello' title=''><\/a><\/div><div class='av-horizontal-gallery-wrap noHover'><img class='av-horizontal-gallery-img' width='257' height='300' src='https:\/\/oeko-tex.at\/wp-content\/uploads\/sites\/2\/2021\/10\/sickerschachteinlagen2_EN.jpg-257x300.png' title='sickerschachteinlagen2_EN.jpg' alt='' \/><a href='https:\/\/oeko-tex.at\/wp-content\/uploads\/sites\/2\/2021\/10\/sickerschachteinlagen2_EN.jpg.png'  class='av-horizontal-gallery-link' aria-hidden='true' data-av_icon='\ue869' data-av_iconfont='entypo-fontello' title=''><\/a><\/div><\/div><\/div><\/div>\n<\/div><\/div><\/div><!-- close content main div --><\/div><\/div><div id='after_section_2' class='main_color av_default_container_wrap container_wrap sidebar_right'   ><div class='container' ><div class='template-page content  av-content-small alpha units'><div class='post-entry post-entry-type-page post-entry-2337'><div class='entry-content-wrapper clearfix'>\n","protected":false},"excerpt":{"rendered":"","protected":false},"author":1,"featured_media":0,"parent":0,"menu_order":12,"comment_status":"closed","ping_status":"closed","template":"","meta":[],"yoast_head":"<!-- This site is optimized with the Yoast SEO plugin v15.9 - https:\/\/yoast.com\/wordpress\/plugins\/seo\/ -->\n<title>oeko-tex - Filtro a scomparsa - Filtro del substrato contro le sostanze inquinanti<\/title>\n<meta name=\"description\" content=\"Filtro di fondo per legare le sostanze inquinanti - per pozzi di sicurezza o trogoli di sicurezza. Attraverso l&#039;uso di tappeti filtranti a carbone attivo...\" \/>\n<meta name=\"robots\" content=\"index, follow, max-snippet:-1, max-image-preview:large, max-video-preview:-1\" \/>\n<link rel=\"canonical\" href=\"https:\/\/oeko-tex.at\/it\/filtro-a-scomparsa\/\" \/>\n<meta property=\"og:locale\" content=\"it_IT\" \/>\n<meta property=\"og:type\" content=\"article\" \/>\n<meta property=\"og:title\" content=\"oeko-tex - Filtro a scomparsa - Filtro del substrato contro le sostanze inquinanti\" \/>\n<meta property=\"og:description\" content=\"Filtro di fondo per legare le sostanze inquinanti - per pozzi di sicurezza o trogoli di sicurezza. Attraverso l&#039;uso di tappeti filtranti a carbone attivo...\" \/>\n<meta property=\"og:url\" content=\"https:\/\/oeko-tex.at\/it\/filtro-a-scomparsa\/\" \/>\n<meta property=\"og:site_name\" content=\"oeko-tex\" \/>\n<meta property=\"article:modified_time\" content=\"2021-11-23T11:58:38+00:00\" \/>\n<meta name=\"twitter:card\" content=\"summary_large_image\" \/>\n<meta name=\"twitter:label1\" content=\"Tempo di lettura stimato\">\n\t<meta name=\"twitter:data1\" content=\"7 minuti\">\n<script type=\"application\/ld+json\" class=\"yoast-schema-graph\">{\"@context\":\"https:\/\/schema.org\",\"@graph\":[{\"@type\":\"WebSite\",\"@id\":\"https:\/\/oeko-tex.at\/#website\",\"url\":\"https:\/\/oeko-tex.at\/\",\"name\":\"oeko-tex\",\"description\":\"Just another Lite-Soil GmbH Sites site\",\"potentialAction\":[{\"@type\":\"SearchAction\",\"target\":\"https:\/\/oeko-tex.at\/?s={search_term_string}\",\"query-input\":\"required name=search_term_string\"}],\"inLanguage\":\"it-IT\"},{\"@type\":\"WebPage\",\"@id\":\"https:\/\/oeko-tex.at\/it\/filtro-a-scomparsa\/#webpage\",\"url\":\"https:\/\/oeko-tex.at\/it\/filtro-a-scomparsa\/\",\"name\":\"oeko-tex - Filtro a scomparsa - Filtro del substrato contro le sostanze inquinanti\",\"isPartOf\":{\"@id\":\"https:\/\/oeko-tex.at\/#website\"},\"datePublished\":\"2021-09-22T09:11:25+00:00\",\"dateModified\":\"2021-11-23T11:58:38+00:00\",\"description\":\"Filtro di fondo per legare le sostanze inquinanti - per pozzi di sicurezza o trogoli di sicurezza. Attraverso l'uso di tappeti filtranti a carbone attivo...\",\"breadcrumb\":{\"@id\":\"https:\/\/oeko-tex.at\/it\/filtro-a-scomparsa\/#breadcrumb\"},\"inLanguage\":\"it-IT\",\"potentialAction\":[{\"@type\":\"ReadAction\",\"target\":[\"https:\/\/oeko-tex.at\/it\/filtro-a-scomparsa\/\"]}]},{\"@type\":\"BreadcrumbList\",\"@id\":\"https:\/\/oeko-tex.at\/it\/filtro-a-scomparsa\/#breadcrumb\",\"itemListElement\":[{\"@type\":\"ListItem\",\"position\":1,\"item\":{\"@type\":\"WebPage\",\"@id\":\"https:\/\/oeko-tex.at\/it\/\",\"url\":\"https:\/\/oeko-tex.at\/it\/\",\"name\":\"Startseite\"}},{\"@type\":\"ListItem\",\"position\":2,\"item\":{\"@type\":\"WebPage\",\"@id\":\"https:\/\/oeko-tex.at\/it\/filtro-a-scomparsa\/\",\"url\":\"https:\/\/oeko-tex.at\/it\/filtro-a-scomparsa\/\",\"name\":\"Filtro a scomparsa\"}}]}]}<\/script>\n<!-- \/ Yoast SEO plugin. -->","_links":{"self":[{"href":"https:\/\/oeko-tex.at\/it\/wp-json\/wp\/v2\/pages\/2337"}],"collection":[{"href":"https:\/\/oeko-tex.at\/it\/wp-json\/wp\/v2\/pages"}],"about":[{"href":"https:\/\/oeko-tex.at\/it\/wp-json\/wp\/v2\/types\/page"}],"author":[{"embeddable":true,"href":"https:\/\/oeko-tex.at\/it\/wp-json\/wp\/v2\/users\/1"}],"replies":[{"embeddable":true,"href":"https:\/\/oeko-tex.at\/it\/wp-json\/wp\/v2\/comments?post=2337"}],"version-history":[{"count":11,"href":"https:\/\/oeko-tex.at\/it\/wp-json\/wp\/v2\/pages\/2337\/revisions"}],"predecessor-version":[{"id":3125,"href":"https:\/\/oeko-tex.at\/it\/wp-json\/wp\/v2\/pages\/2337\/revisions\/3125"}],"wp:attachment":[{"href":"https:\/\/oeko-tex.at\/it\/wp-json\/wp\/v2\/media?parent=2337"}],"curies":[{"name":"wp","href":"https:\/\/api.w.org\/{rel}","templated":true}]}}